{"id":235,"date":"2017-04-16T11:04:23","date_gmt":"2017-04-16T08:04:23","guid":{"rendered":"http:\/\/www.narvamuusika.ee\/?page_id=235"},"modified":"2025-05-01T11:27:13","modified_gmt":"2025-05-01T08:27:13","slug":"%d1%80%d0%b0%d1%81%d0%bf%d0%b8%d1%81%d0%b0%d0%bd%d0%b8%d0%b5-%d1%83%d1%80%d0%be%d0%ba%d0%be%d0%b2-%d0%b2-%d1%83%d0%ba%d0%be%d1%80%d0%be%d1%87%d0%b5%d0%bd%d0%bd%d1%8b%d0%b5-%d0%b4%d0%bd%d0%b8","status":"publish","type":"page","link":"https:\/\/www.narvamuusika.ee\/et\/%d1%80%d0%b0%d1%81%d0%bf%d0%b8%d1%81%d0%b0%d0%bd%d0%b8%d0%b5-%d1%83%d1%80%d0%be%d0%ba%d0%be%d0%b2-%d0%b2-%d1%83%d0%ba%d0%be%d1%80%d0%be%d1%87%d0%b5%d0%bd%d0%bd%d1%8b%d0%b5-%d0%b4%d0%bd%d0%b8\/","title":{"rendered":"Ajakava l\u00fchendatult p\u00e4eva"},"content":{"rendered":"<p><span style=\"color: #000000;\">RIIGIP\u00dcHAD JA L\u00dcHENDATUD T\u00d6\u00d6P\u00c4EVAD<\/span><\/p>\n<p><span style=\"color: #000000;\">23.12<\/span><br \/>\n<span style=\"color: #000000;\">31.12<\/span><br \/>\n<span style=\"color: #000000;\">23.02<\/span><br \/>\n<span style=\"color: #000000;\">22.06<\/span><\/p>\n<table width=\"496\">\n<tbody>\n<tr>\n<td width=\"52\"><\/td>\n<td width=\"222\"><span style=\"color: #000000;\">Tunniplaan \u0432 \u043e\u0431\u044b\u0447\u043d\u044b\u0435 \u0434\u043d\u0438<\/span><\/td>\n<td width=\"222\"><span style=\"color: #000000;\">C\u043e\u043a\u0440\u0430\u0449\u0451\u043d\u043d\u043e\u0435 \u0440\u0430\u0441\u043f\u0438\u0441\u0430\u043d\u0438\u0435<\/span><\/td>\n<\/tr>\n<tr>\n<td width=\"52\"><span style=\"color: #000000;\">1<\/span><\/td>\n<td width=\"222\"><span style=\"color: #000000;\">13.45-14.25<\/span><\/td>\n<td width=\"222\"><span style=\"color: #000000;\">14.00-14.30<\/span><\/td>\n<\/tr>\n<tr>\n<td width=\"52\"><span style=\"color: #000000;\">2<\/span><\/td>\n<td width=\"222\"><span style=\"color: #000000;\">14.25-15.10<\/span><\/td>\n<td width=\"222\"><span style=\"color: #000000;\">14.30-15.00<\/span><\/td>\n<\/tr>\n<tr>\n<td width=\"52\"><span style=\"color: #000000;\">3<\/span><\/td>\n<td width=\"222\"><span style=\"color: #000000;\">15.15-16.00<\/span><\/td>\n<td width=\"222\"><span style=\"color: #000000;\">15.00-15.30<\/span><\/td>\n<\/tr>\n<tr>\n<td width=\"52\"><span style=\"color: #000000;\">4<\/span><\/td>\n<td width=\"222\"><span style=\"color: #000000;\">16.00-16.45<\/span><\/td>\n<td width=\"222\"><span style=\"color: #000000;\">15.35-16.05<\/span><\/td>\n<\/tr>\n<tr>\n<td width=\"52\"><span style=\"color: #000000;\">5<\/span><\/td>\n<td width=\"222\"><span style=\"color: #000000;\">16.50-17.35<\/span><\/td>\n<td width=\"222\"><span style=\"color: #000000;\">16.05-16.35<\/span><\/td>\n<\/tr>\n<tr>\n<td width=\"52\"><span style=\"color: #000000;\">6<\/span><\/td>\n<td width=\"222\"><span style=\"color: #000000;\">17.35-18.20<\/span><\/td>\n<td width=\"222\"><span style=\"color: #000000;\">16.40-17.10<\/span><\/td>\n<\/tr>\n<tr>\n<td width=\"52\"><span style=\"color: #000000;\">7<\/span><\/td>\n<td width=\"222\"><span style=\"color: #000000;\">18.25-19.10<\/span><\/td>\n<td width=\"222\"><span style=\"color: #000000;\">17.10-17.40<\/span><\/td>\n<\/tr>\n<tr>\n<td width=\"52\"><span style=\"color: #000000;\">8<\/span><\/td>\n<td width=\"222\"><span style=\"color: #000000;\">19.10-19.55<\/span><\/td>\n<td width=\"222\"><span style=\"color: #000000;\">17.45-18.15<\/span><\/td>\n<\/tr>\n<tr>\n<td width=\"52\"><span style=\"color: #000000;\">9<\/span><\/td>\n<td width=\"222\"><span style=\"color: #000000;\">20.00-20.45<\/span><\/td>\n<td width=\"222\"><span style=\"color: #000000;\">18.15-18.45<\/span><\/td>\n<\/tr>\n<\/tbody>\n<\/table>\n","protected":false},"excerpt":{"rendered":"<p>RIIGIP\u00dcHAD JA L\u00dcHENDATUD T\u00d6\u00d6P\u00c4EVAD 23.12 31.12 23.02 22.06 Tunniplaan \u0432 \u043e\u0431\u044b\u0447\u043d\u044b\u0435 \u0434\u043d\u0438 C\u043e\u043a\u0440\u0430\u0449\u0451\u043d\u043d\u043e\u0435 \u0440\u0430\u0441\u043f\u0438\u0441\u0430\u043d\u0438\u0435 1 13.45-14.25 14.00-14.30 2 14.25-15.10 14.30-15.00 3 15.15-16.00 15.00-15.30 4 16.00-16.45 15.35-16.05 5 16.50-17.35 16.05-16.35 6 17.35-18.20 16.40-17.10 7 18.25-19.10 17.10-17.40 8 19.10-19.55 17.45-18.15 9 20.00-20.45 18.15-18.45<\/p>\n","protected":false},"author":1,"featured_media":0,"parent":0,"menu_order":0,"comment_status":"closed","ping_status":"closed","template":"","meta":{"footnotes":""},"class_list":["post-235","page","type-page","status-publish","hentry"],"translation":{"provider":"WPGlobus","version":"3.0.2","language":"et","enabled_languages":["ru","et"],"languages":{"ru":{"title":true,"content":true,"excerpt":false},"et":{"title":true,"content":true,"excerpt":false}}},"_links":{"self":[{"href":"https:\/\/www.narvamuusika.ee\/et\/wp-json\/wp\/v2\/pages\/235","targetHints":{"allow":["GET"]}}],"collection":[{"href":"https:\/\/www.narvamuusika.ee\/et\/wp-json\/wp\/v2\/pages"}],"about":[{"href":"https:\/\/www.narvamuusika.ee\/et\/wp-json\/wp\/v2\/types\/page"}],"author":[{"embeddable":true,"href":"https:\/\/www.narvamuusika.ee\/et\/wp-json\/wp\/v2\/users\/1"}],"replies":[{"embeddable":true,"href":"https:\/\/www.narvamuusika.ee\/et\/wp-json\/wp\/v2\/comments?post=235"}],"version-history":[{"count":25,"href":"https:\/\/www.narvamuusika.ee\/et\/wp-json\/wp\/v2\/pages\/235\/revisions"}],"predecessor-version":[{"id":5905,"href":"https:\/\/www.narvamuusika.ee\/et\/wp-json\/wp\/v2\/pages\/235\/revisions\/5905"}],"wp:attachment":[{"href":"https:\/\/www.narvamuusika.ee\/et\/wp-json\/wp\/v2\/media?parent=235"}],"curies":[{"name":"wp","href":"https:\/\/api.w.org\/{rel}","templated":true}]}}