{"id":1922,"date":"2019-09-20T11:22:51","date_gmt":"2019-09-20T08:22:51","guid":{"rendered":"http:\/\/www.narvamuusika.ee\/?page_id=1922"},"modified":"2024-11-01T10:01:43","modified_gmt":"2024-11-01T07:01:43","slug":"%d0%b8%d0%bd%d1%81%d1%82%d1%80%d1%83%d0%bc%d0%b5%d0%bd%d1%82%d0%b0%d0%bb%d1%8c%d0%bd%d0%be%d0%b5-%d0%be%d1%82%d0%b4%d0%b5%d0%bb%d0%b5%d0%bd%d0%b8%d0%b5","status":"publish","type":"page","link":"https:\/\/www.narvamuusika.ee\/et\/%d0%b8%d0%bd%d1%81%d1%82%d1%80%d1%83%d0%bc%d0%b5%d0%bd%d1%82%d0%b0%d0%bb%d1%8c%d0%bd%d0%be%d0%b5-%d0%be%d1%82%d0%b4%d0%b5%d0%bb%d0%b5%d0%bd%d0%b8%d0%b5\/","title":{"rendered":"\u00dcldine ajakava"},"content":{"rendered":"\r\n<p><a href=\"https:\/\/docs.google.com\/document\/d\/1whKmEx2KAcV0p8jts50WP0b9xCn9NImY\/edit?usp=sharing&amp;ouid=104569932492376756834&amp;rtpof=true&amp;sd=true\">\u00d5petajate T\u00d6\u00d6GRAAFIK 2024-2025<\/a><\/p>\r\n\r\n\r\n\r\n<p>&nbsp;<\/p>\r\n","protected":false},"excerpt":{"rendered":"<p>\u00d5petajate T\u00d6\u00d6GRAAFIK 2024-2025 &nbsp;<\/p>\n","protected":false},"author":1,"featured_media":0,"parent":0,"menu_order":0,"comment_status":"closed","ping_status":"closed","template":"","meta":{"footnotes":""},"class_list":["post-1922","page","type-page","status-publish","hentry"],"translation":{"provider":"WPGlobus","version":"3.0.2","language":"et","enabled_languages":["ru","et"],"languages":{"ru":{"title":true,"content":true,"excerpt":false},"et":{"title":false,"content":false,"excerpt":false}}},"_links":{"self":[{"href":"https:\/\/www.narvamuusika.ee\/et\/wp-json\/wp\/v2\/pages\/1922","targetHints":{"allow":["GET"]}}],"collection":[{"href":"https:\/\/www.narvamuusika.ee\/et\/wp-json\/wp\/v2\/pages"}],"about":[{"href":"https:\/\/www.narvamuusika.ee\/et\/wp-json\/wp\/v2\/types\/page"}],"author":[{"embeddable":true,"href":"https:\/\/www.narvamuusika.ee\/et\/wp-json\/wp\/v2\/users\/1"}],"replies":[{"embeddable":true,"href":"https:\/\/www.narvamuusika.ee\/et\/wp-json\/wp\/v2\/comments?post=1922"}],"version-history":[{"count":19,"href":"https:\/\/www.narvamuusika.ee\/et\/wp-json\/wp\/v2\/pages\/1922\/revisions"}],"predecessor-version":[{"id":5516,"href":"https:\/\/www.narvamuusika.ee\/et\/wp-json\/wp\/v2\/pages\/1922\/revisions\/5516"}],"wp:attachment":[{"href":"https:\/\/www.narvamuusika.ee\/et\/wp-json\/wp\/v2\/media?parent=1922"}],"curies":[{"name":"wp","href":"https:\/\/api.w.org\/{rel}","templated":true}]}}