{"id":2021,"date":"2019-11-03T23:53:49","date_gmt":"2019-11-03T20:53:49","guid":{"rendered":"http:\/\/www.narvamuusika.ee\/?page_id=2021"},"modified":"2019-11-03T23:55:17","modified_gmt":"2019-11-03T20:55:17","slug":"%d0%b4%d1%83%d1%85%d0%be%d0%b2%d0%be%d0%b9-%d0%be%d1%80%d0%ba%d0%b5%d1%81%d1%82%d1%80-%d0%bd%d0%bc%d1%88-narva-brass","status":"publish","type":"page","link":"https:\/\/www.narvamuusika.ee\/et\/%d0%b4%d1%83%d1%85%d0%be%d0%b2%d0%be%d0%b9-%d0%be%d1%80%d0%ba%d0%b5%d1%81%d1%82%d1%80-%d0%bd%d0%bc%d1%88-narva-brass\/","title":{"rendered":"Narva Muusikakooli puhkpilliorkester Narva Brass"},"content":{"rendered":"\n<figure class=\"wp-block-embed-youtube wp-block-embed is-type-video is-provider-youtube wp-embed-aspect-16-9 wp-has-aspect-ratio\"><div class=\"wp-block-embed__wrapper\">\n<iframe loading=\"lazy\" title=\"\u041d\u0430\u0440\u0432\u0441\u043a\u0438\u0439 \u0434\u0443\u0445\u043e\u0432\u043e\u0439 \u043e\u0440\u043a\u0435\u0441\u0442\u0440 Narva Brass\" width=\"525\" height=\"295\" src=\"https:\/\/www.youtube.com\/embed\/M1zS7-N1pzo?feature=oembed\" frameborder=\"0\" allow=\"accelerometer; autoplay; clipboard-write; encrypted-media; gyroscope; picture-in-picture; web-share\" referrerpolicy=\"strict-origin-when-cross-origin\" allowfullscreen><\/iframe>\n<\/div><\/figure>\n\n\n\n<p>Narva Muusikakooli puhkpilliorkester Narva Brass, dirigent Igor Teni<br> juhendamisel, on noor kollektiiv: just veebruari kuus 2018 orkestril oli<br> esiettendus Eesti Vabariigi 100 aastase Juubeli puhul, mida t\u00e4histati Narva<br> Eesti G\u00fcmnaasiumi aulas. Samal aastal orkester oli osalenud<br> Puhkpillimuusika festivalil Kohtla-J\u00e4rvel. Ja siis algas orkestril aktiivne<br> kontserttegevus, sest puhkpillimuusikat linnas on vaja: Narva Brass seisis<br> rongk\u00e4igu ees Narva Linna p\u00e4evadel, Kultuurimaja Rugodiiv tegi oma uksed<br> lahti peale renoveerimist puhkpilliorkestri muusika saatel. 1 oktoobril Narva<br> Brass osales \u00fclevabariikliku aktsioonis \u201eIgal lapsel oma pill\u201c p\u00e4ikeset\u00f5usu<br> ajal Joaoru hoone ees: Eesti H\u00fcmn kostis Narova kaldal ja sellega t\u00e4histati<br> Rahvusvahelise Muusikap\u00e4eva alguse.<br> Narva Brass esines veel mitmel t\u00e4htsatel \u00fcritustel: 100 Narva Aukodaniku<br> autasustamine,<br> 75 aasta Leningradi blokaadi murdmise t\u00e4histamine. S\u00f5jaaegse repertuaari<br> esinemise eest orkester sai palju t\u00e4nuv\u00e4\u00e4rseid s\u00f5nu vanap\u00f5lvkonna inimeste<br> k\u00e4est, kes elasid \u00fcle selle raske s\u00f5ja ja blokaadi.<br> 16 m\u00e4rtsil 2019 Narva Brass edukalt esines Ida-Virumaa puhkpillimuusika<br> p\u00e4evadel, mis kandis nime \u201ePuhkpillimuusika l\u00e4bi aegade\u201c.<\/p>\n","protected":false},"excerpt":{"rendered":"<p>Narva Muusikakooli puhkpilliorkester Narva Brass, dirigent Igor Teni juhendamisel, on noor kollektiiv: just veebruari kuus 2018 orkestril oli esiettendus Eesti Vabariigi 100 aastase Juubeli puhul, mida t\u00e4histati Narva Eesti G\u00fcmnaasiumi aulas. Samal aastal orkester oli osalenud Puhkpillimuusika festivalil Kohtla-J\u00e4rvel. Ja siis algas orkestril aktiivne kontserttegevus, sest puhkpillimuusikat linnas on vaja: Narva Brass seisis rongk\u00e4igu ees &hellip; <\/p>\n<p class=\"link-more\"><a href=\"https:\/\/www.narvamuusika.ee\/et\/%d0%b4%d1%83%d1%85%d0%be%d0%b2%d0%be%d0%b9-%d0%be%d1%80%d0%ba%d0%b5%d1%81%d1%82%d1%80-%d0%bd%d0%bc%d1%88-narva-brass\/\" class=\"more-link\">Continue reading<span class=\"screen-reader-text\"> &#8220;Narva Muusikakooli puhkpilliorkester Narva Brass&#8221;<\/span><\/a><\/p>\n","protected":false},"author":1,"featured_media":0,"parent":0,"menu_order":0,"comment_status":"closed","ping_status":"closed","template":"","meta":{"footnotes":""},"class_list":["post-2021","page","type-page","status-publish","hentry"],"translation":{"provider":"WPGlobus","version":"3.0.2","language":"et","enabled_languages":["ru","et"],"languages":{"ru":{"title":true,"content":true,"excerpt":false},"et":{"title":true,"content":true,"excerpt":false}}},"_links":{"self":[{"href":"https:\/\/www.narvamuusika.ee\/et\/wp-json\/wp\/v2\/pages\/2021","targetHints":{"allow":["GET"]}}],"collection":[{"href":"https:\/\/www.narvamuusika.ee\/et\/wp-json\/wp\/v2\/pages"}],"about":[{"href":"https:\/\/www.narvamuusika.ee\/et\/wp-json\/wp\/v2\/types\/page"}],"author":[{"embeddable":true,"href":"https:\/\/www.narvamuusika.ee\/et\/wp-json\/wp\/v2\/users\/1"}],"replies":[{"embeddable":true,"href":"https:\/\/www.narvamuusika.ee\/et\/wp-json\/wp\/v2\/comments?post=2021"}],"version-history":[{"count":5,"href":"https:\/\/www.narvamuusika.ee\/et\/wp-json\/wp\/v2\/pages\/2021\/revisions"}],"predecessor-version":[{"id":2026,"href":"https:\/\/www.narvamuusika.ee\/et\/wp-json\/wp\/v2\/pages\/2021\/revisions\/2026"}],"wp:attachment":[{"href":"https:\/\/www.narvamuusika.ee\/et\/wp-json\/wp\/v2\/media?parent=2021"}],"curies":[{"name":"wp","href":"https:\/\/api.w.org\/{rel}","templated":true}]}}