{"id":2030,"date":"2019-11-04T00:01:54","date_gmt":"2019-11-03T21:01:54","guid":{"rendered":"http:\/\/www.narvamuusika.ee\/?page_id=2030"},"modified":"2019-11-04T00:02:20","modified_gmt":"2019-11-03T21:02:20","slug":"%d0%be%d1%80%d0%ba%d0%b5%d1%81%d1%82%d1%80-%d0%b0%d0%ba%d0%ba%d0%be%d1%80%d0%b4%d0%b5%d0%be%d0%bd%d0%b8%d1%81%d1%82%d0%be%d0%b2-ad-libitum","status":"publish","type":"page","link":"https:\/\/www.narvamuusika.ee\/et\/%d0%be%d1%80%d0%ba%d0%b5%d1%81%d1%82%d1%80-%d0%b0%d0%ba%d0%ba%d0%be%d1%80%d0%b4%d0%b5%d0%be%d0%bd%d0%b8%d1%81%d1%82%d0%be%d0%b2-ad-libitum\/","title":{"rendered":"Akordionistide orkester Ad Libitum"},"content":{"rendered":"\n<p>Alates 2000. aastast k\u00e4esoleva ajani tegutseb Narva Muusikakoolis akordionistide orkester Ad<br>\nLibitum \u2013 eri vanusest laste kollektiiv, mis on tuntud nii Eestis kui ka v\u00e4lismaal, kuna nad on<br>\npaljude konkursside ja festivalide laureaadid. Orkestri koosseisus on Narva Muusikakooli 9-17-<br>\naastased \u00f5pilased. Vahel v\u00f5tavad orkestrist osa ka Narva Muusikakooli vilistlased, esinedes koos<br>\nt\u00e4nase orkestri koosseisuga konkurssidel, kontsertidel ja festivalidel. Tegelikult peetakse heaks<br>\ntunnuseks, et kooli vilistlased p\u00f6\u00f6rduvad tagasi orkestri juurde. Ei saa mainimata j\u00e4tta, et kui<br>\nlinnas m\u00e4ngib orkester, siis on alati linnas pidu.<\/p>\n","protected":false},"excerpt":{"rendered":"<p>Alates 2000. aastast k\u00e4esoleva ajani tegutseb Narva Muusikakoolis akordionistide orkester Ad Libitum \u2013 eri vanusest laste kollektiiv, mis on tuntud nii Eestis kui ka v\u00e4lismaal, kuna nad on paljude konkursside ja festivalide laureaadid. Orkestri koosseisus on Narva Muusikakooli 9-17- aastased \u00f5pilased. Vahel v\u00f5tavad orkestrist osa ka Narva Muusikakooli vilistlased, esinedes koos t\u00e4nase orkestri koosseisuga konkurssidel, &hellip; <\/p>\n<p class=\"link-more\"><a href=\"https:\/\/www.narvamuusika.ee\/et\/%d0%be%d1%80%d0%ba%d0%b5%d1%81%d1%82%d1%80-%d0%b0%d0%ba%d0%ba%d0%be%d1%80%d0%b4%d0%b5%d0%be%d0%bd%d0%b8%d1%81%d1%82%d0%be%d0%b2-ad-libitum\/\" class=\"more-link\">Continue reading<span class=\"screen-reader-text\"> &#8220;Akordionistide orkester Ad Libitum&#8221;<\/span><\/a><\/p>\n","protected":false},"author":1,"featured_media":0,"parent":0,"menu_order":0,"comment_status":"closed","ping_status":"closed","template":"","meta":{"footnotes":""},"class_list":["post-2030","page","type-page","status-publish","hentry"],"translation":{"provider":"WPGlobus","version":"3.0.2","language":"et","enabled_languages":["ru","et"],"languages":{"ru":{"title":true,"content":true,"excerpt":false},"et":{"title":true,"content":true,"excerpt":false}}},"_links":{"self":[{"href":"https:\/\/www.narvamuusika.ee\/et\/wp-json\/wp\/v2\/pages\/2030","targetHints":{"allow":["GET"]}}],"collection":[{"href":"https:\/\/www.narvamuusika.ee\/et\/wp-json\/wp\/v2\/pages"}],"about":[{"href":"https:\/\/www.narvamuusika.ee\/et\/wp-json\/wp\/v2\/types\/page"}],"author":[{"embeddable":true,"href":"https:\/\/www.narvamuusika.ee\/et\/wp-json\/wp\/v2\/users\/1"}],"replies":[{"embeddable":true,"href":"https:\/\/www.narvamuusika.ee\/et\/wp-json\/wp\/v2\/comments?post=2030"}],"version-history":[{"count":2,"href":"https:\/\/www.narvamuusika.ee\/et\/wp-json\/wp\/v2\/pages\/2030\/revisions"}],"predecessor-version":[{"id":2032,"href":"https:\/\/www.narvamuusika.ee\/et\/wp-json\/wp\/v2\/pages\/2030\/revisions\/2032"}],"wp:attachment":[{"href":"https:\/\/www.narvamuusika.ee\/et\/wp-json\/wp\/v2\/media?parent=2030"}],"curies":[{"name":"wp","href":"https:\/\/api.w.org\/{rel}","templated":true}]}}