{"id":222,"date":"2017-04-16T10:52:55","date_gmt":"2017-04-16T07:52:55","guid":{"rendered":"http:\/\/www.narvamuusika.ee\/?page_id=222"},"modified":"2026-02-05T09:05:02","modified_gmt":"2026-02-05T06:05:02","slug":"%d1%83%d1%87%d0%b5%d0%b1%d0%bd%d0%b0%d1%8f-%d1%80%d0%b0%d0%b1%d0%be%d1%82%d0%b0","status":"publish","type":"page","link":"https:\/\/www.narvamuusika.ee\/et\/%d1%83%d1%87%d0%b5%d0%b1%d0%bd%d0%b0%d1%8f-%d1%80%d0%b0%d0%b1%d0%be%d1%82%d0%b0\/","title":{"rendered":"\u00d5ppet\u00f6\u00f6"},"content":{"rendered":"<ul>\n<li style=\"list-style-type: none;\">\n<ul>\n<li><a href=\"https:\/\/docs.google.com\/document\/d\/1pB1V6-_DddA01SugpoDqLaFoGRRKkBK5\/edit?usp=sharing&amp;ouid=104569932492376756834&amp;rtpof=true&amp;sd=true\" target=\"_blank\" rel=\"noopener\">T\u00f6\u00f6plaan 2025\/2026<\/a><\/li>\n<li><a href=\"https:\/\/www.riigiteataja.ee\/akt\/119032025005\" target=\"_blank\" rel=\"noopener\">\u00d5ppeaasta koolivaheajad<\/a><\/li>\n<li><a href=\"https:\/\/www.narvamuusika.ee\/et\/%d1%80%d0%b0%d1%81%d0%bf%d0%b8%d1%81%d0%b0%d0%bd%d0%b8%d0%b5-%d1%83%d1%80%d0%be%d0%ba%d0%be%d0%b2-%d0%b2-%d1%83%d0%ba%d0%be%d1%80%d0%be%d1%87%d0%b5%d0%bd%d0%bd%d1%8b%d0%b5-%d0%b4%d0%bd%d0%b8\/\">Ajakava l\u00fchendatult p\u00e4eva<\/a><\/li>\n<\/ul>\n<\/li>\n<\/ul>\n","protected":false},"excerpt":{"rendered":"<p>T\u00f6\u00f6plaan 2025\/2026 \u00d5ppeaasta koolivaheajad Ajakava l\u00fchendatult p\u00e4eva<\/p>\n","protected":false},"author":1,"featured_media":0,"parent":0,"menu_order":0,"comment_status":"closed","ping_status":"closed","template":"","meta":{"footnotes":""},"class_list":["post-222","page","type-page","status-publish","hentry"],"translation":{"provider":"WPGlobus","version":"3.0.2","language":"et","enabled_languages":["ru","et"],"languages":{"ru":{"title":true,"content":true,"excerpt":false},"et":{"title":true,"content":true,"excerpt":false}}},"_links":{"self":[{"href":"https:\/\/www.narvamuusika.ee\/et\/wp-json\/wp\/v2\/pages\/222","targetHints":{"allow":["GET"]}}],"collection":[{"href":"https:\/\/www.narvamuusika.ee\/et\/wp-json\/wp\/v2\/pages"}],"about":[{"href":"https:\/\/www.narvamuusika.ee\/et\/wp-json\/wp\/v2\/types\/page"}],"author":[{"embeddable":true,"href":"https:\/\/www.narvamuusika.ee\/et\/wp-json\/wp\/v2\/users\/1"}],"replies":[{"embeddable":true,"href":"https:\/\/www.narvamuusika.ee\/et\/wp-json\/wp\/v2\/comments?post=222"}],"version-history":[{"count":23,"href":"https:\/\/www.narvamuusika.ee\/et\/wp-json\/wp\/v2\/pages\/222\/revisions"}],"predecessor-version":[{"id":6553,"href":"https:\/\/www.narvamuusika.ee\/et\/wp-json\/wp\/v2\/pages\/222\/revisions\/6553"}],"wp:attachment":[{"href":"https:\/\/www.narvamuusika.ee\/et\/wp-json\/wp\/v2\/media?parent=222"}],"curies":[{"name":"wp","href":"https:\/\/api.w.org\/{rel}","templated":true}]}}