{"id":229,"date":"2017-04-16T11:01:18","date_gmt":"2017-04-16T08:01:18","guid":{"rendered":"http:\/\/www.narvamuusika.ee\/?page_id=229"},"modified":"2025-11-26T17:27:24","modified_gmt":"2025-11-26T14:27:24","slug":"%d1%80%d0%b0%d1%81%d0%bf%d0%b8%d1%81%d0%b0%d0%bd%d0%b8%d0%b5","status":"publish","type":"page","link":"https:\/\/www.narvamuusika.ee\/et\/%d1%80%d0%b0%d1%81%d0%bf%d0%b8%d1%81%d0%b0%d0%bd%d0%b8%d0%b5\/","title":{"rendered":"\u00d5ppekava"},"content":{"rendered":"<ul>\n<li style=\"list-style-type: none;\">\n<ul>\n<li><a href=\"https:\/\/docs.google.com\/document\/d\/1R__W5HPSVexQKQnxFQvWQRoAPHFbsZXc\/edit\">\u00d5petajate T\u00f6\u00f6graafik 2024-2025<\/a><\/li>\n<li><a href=\"https:\/\/docs.google.com\/document\/d\/1aYEe2fnD6-a3ojXGfNtQaICN3xjHsYKV\/edit?usp=sharing&amp;ouid=104569932492376756834&amp;rtpof=true&amp;sd=true\" target=\"_blank\" rel=\"noreferrer noopener\">Tunniplaan 2025\/26 \u00f5a \u00d5ppeaine_ solfedzo, muusikalugu<\/a><\/li>\n<li><a href=\"https:\/\/docs.google.com\/document\/d\/1NczamrxfMx_pk1wK8AF4yl40X0utpySz\/edit?usp=sharing&amp;ouid=104569932492376756834&amp;rtpof=true&amp;sd=true\">Instrumentaalosakonna koor 2025\/2026<\/a><\/li>\n<li><a href=\"https:\/\/www.narvamuusika.ee\/et\/%d1%85%d0%be%d1%80%d0%be%d0%b2%d0%be%d0%b5-%d0%be%d1%82%d0%b4%d0%b5%d0%bb%d0%b5%d0%bd%d0%b8%d0%b5-%d0%b4%d0%b5%d0%b2%d0%be%d1%87%d0%b5%d0%ba\/\">T\u00fcdrukute koor<\/a><\/li>\n<li><a href=\"https:\/\/www.narvamuusika.ee\/et\/%d1%85%d0%be%d1%80%d0%be%d0%b2%d0%be%d0%b5-%d0%be%d1%82%d0%b4%d0%b5%d0%bb%d0%b5%d0%bd%d0%b8%d0%b5-%d0%bc%d0%b0%d0%bb%d1%8c%d1%87%d0%b8%d0%ba%d0%be%d0%b2\/\">Poiste koor<\/a><\/li>\n<li><a href=\"https:\/\/www.narvamuusika.ee\/et\/%d1%81%d0%bc%d0%b5%d1%88%d0%b0%d0%bd%d0%bd%d1%8b%d0%b9-%d1%85%d0%be%d1%80\/\">Segakoor<\/a><\/li>\n<li><a href=\"https:\/\/www.narvamuusika.ee\/et\/%d0%be%d1%82%d0%b4%d0%b5%d0%bb%d0%b5%d0%bd%d0%b8%d0%b5-%d0%bf%d0%be%d0%bf-%d0%b4%d0%b6%d0%b0%d0%b7%d0%be%d0%b2%d0%be%d0%b3%d0%be-%d0%bf%d0%b5%d0%bd%d0%b8%d1%8f\/\">Pop-dz\u00e4ssi laulmine<\/a><\/li>\n<li><a href=\"https:\/\/docs.google.com\/document\/d\/1wS9fkF_S8vkr0xWErTKsSCvbO7Jly7Hj\/edit?usp=sharing&amp;ouid=104569932492376756834&amp;rtpof=true&amp;sd=true\">Muusikaline algtegevus<\/a><\/li>\n<\/ul>\n<\/li>\n<\/ul>\n","protected":false},"excerpt":{"rendered":"<p>\u00d5petajate T\u00f6\u00f6graafik 2024-2025 Tunniplaan 2025\/26 \u00f5a \u00d5ppeaine_ solfedzo, muusikalugu Instrumentaalosakonna koor 2025\/2026 T\u00fcdrukute koor Poiste koor Segakoor Pop-dz\u00e4ssi laulmine Muusikaline algtegevus<\/p>\n","protected":false},"author":1,"featured_media":0,"parent":0,"menu_order":0,"comment_status":"closed","ping_status":"closed","template":"","meta":{"footnotes":""},"class_list":["post-229","page","type-page","status-publish","hentry"],"translation":{"provider":"WPGlobus","version":"3.0.2","language":"et","enabled_languages":["ru","et"],"languages":{"ru":{"title":true,"content":true,"excerpt":false},"et":{"title":true,"content":true,"excerpt":false}}},"_links":{"self":[{"href":"https:\/\/www.narvamuusika.ee\/et\/wp-json\/wp\/v2\/pages\/229","targetHints":{"allow":["GET"]}}],"collection":[{"href":"https:\/\/www.narvamuusika.ee\/et\/wp-json\/wp\/v2\/pages"}],"about":[{"href":"https:\/\/www.narvamuusika.ee\/et\/wp-json\/wp\/v2\/types\/page"}],"author":[{"embeddable":true,"href":"https:\/\/www.narvamuusika.ee\/et\/wp-json\/wp\/v2\/users\/1"}],"replies":[{"embeddable":true,"href":"https:\/\/www.narvamuusika.ee\/et\/wp-json\/wp\/v2\/comments?post=229"}],"version-history":[{"count":18,"href":"https:\/\/www.narvamuusika.ee\/et\/wp-json\/wp\/v2\/pages\/229\/revisions"}],"predecessor-version":[{"id":6351,"href":"https:\/\/www.narvamuusika.ee\/et\/wp-json\/wp\/v2\/pages\/229\/revisions\/6351"}],"wp:attachment":[{"href":"https:\/\/www.narvamuusika.ee\/et\/wp-json\/wp\/v2\/media?parent=229"}],"curies":[{"name":"wp","href":"https:\/\/api.w.org\/{rel}","templated":true}]}}