{"id":318,"date":"2017-05-24T06:13:30","date_gmt":"2017-05-24T03:13:30","guid":{"rendered":"http:\/\/www.narvamuusika.ee\/?page_id=318"},"modified":"2022-11-08T13:31:37","modified_gmt":"2022-11-08T10:31:37","slug":"%d1%83%d1%87%d0%b5%d0%b1%d0%bd%d1%8b%d0%b9-%d0%bf%d0%bb%d0%b0%d0%bd-%d1%88%d0%ba%d0%be%d0%bb%d1%8b","status":"publish","type":"page","link":"https:\/\/www.narvamuusika.ee\/et\/%d1%83%d1%87%d0%b5%d0%b1%d0%bd%d1%8b%d0%b9-%d0%bf%d0%bb%d0%b0%d0%bd-%d1%88%d0%ba%d0%be%d0%bb%d1%8b\/","title":{"rendered":"KOORIOSAKONNA \u00d5PPET\u00d6\u00d6 PLAAN"},"content":{"rendered":"\n<p><a href=\"https:\/\/cloud.mail.ru\/public\/u3Tu\/nkyQu3zKV\">I poolaasta 2022\/23 \u00f5a<\/a><\/p>\n\n\n\n<p>\u043d\u0430 \u0434\u0430\u043d\u043d\u044b\u0439 \u043c\u043e\u043c\u0435\u043d\u0442 \u0441\u0442\u0440\u0430\u043d\u0438\u0446\u0430 \u043e\u0431\u043d\u043e\u0432\u043b\u044f\u0435\u0442\u0441\u044f<\/p>\n","protected":false},"excerpt":{"rendered":"<p>I poolaasta 2022\/23 \u00f5a \u043d\u0430 \u0434\u0430\u043d\u043d\u044b\u0439 \u043c\u043e\u043c\u0435\u043d\u0442 \u0441\u0442\u0440\u0430\u043d\u0438\u0446\u0430 \u043e\u0431\u043d\u043e\u0432\u043b\u044f\u0435\u0442\u0441\u044f<\/p>\n","protected":false},"author":1,"featured_media":0,"parent":0,"menu_order":0,"comment_status":"closed","ping_status":"closed","template":"","meta":{"footnotes":""},"class_list":["post-318","page","type-page","status-publish","hentry"],"translation":{"provider":"WPGlobus","version":"3.0.2","language":"et","enabled_languages":["ru","et"],"languages":{"ru":{"title":true,"content":true,"excerpt":false},"et":{"title":true,"content":true,"excerpt":false}}},"_links":{"self":[{"href":"https:\/\/www.narvamuusika.ee\/et\/wp-json\/wp\/v2\/pages\/318","targetHints":{"allow":["GET"]}}],"collection":[{"href":"https:\/\/www.narvamuusika.ee\/et\/wp-json\/wp\/v2\/pages"}],"about":[{"href":"https:\/\/www.narvamuusika.ee\/et\/wp-json\/wp\/v2\/types\/page"}],"author":[{"embeddable":true,"href":"https:\/\/www.narvamuusika.ee\/et\/wp-json\/wp\/v2\/users\/1"}],"replies":[{"embeddable":true,"href":"https:\/\/www.narvamuusika.ee\/et\/wp-json\/wp\/v2\/comments?post=318"}],"version-history":[{"count":18,"href":"https:\/\/www.narvamuusika.ee\/et\/wp-json\/wp\/v2\/pages\/318\/revisions"}],"predecessor-version":[{"id":4162,"href":"https:\/\/www.narvamuusika.ee\/et\/wp-json\/wp\/v2\/pages\/318\/revisions\/4162"}],"wp:attachment":[{"href":"https:\/\/www.narvamuusika.ee\/et\/wp-json\/wp\/v2\/media?parent=318"}],"curies":[{"name":"wp","href":"https:\/\/api.w.org\/{rel}","templated":true}]}}