{"id":333,"date":"2017-05-24T06:32:28","date_gmt":"2017-05-24T03:32:28","guid":{"rendered":"http:\/\/www.narvamuusika.ee\/?page_id=333"},"modified":"2020-04-28T23:36:18","modified_gmt":"2020-04-28T20:36:18","slug":"%d1%83%d1%81%d0%bb%d0%be%d0%b2%d0%b8%d1%8f-%d0%b8-%d0%bf%d0%be%d1%80%d1%8f%d0%b4%d0%be%d0%ba-%d0%b7%d0%b0%d1%87%d0%b8%d1%81%d0%bb%d0%b5%d0%bd%d0%b8%d1%8f","status":"publish","type":"page","link":"https:\/\/www.narvamuusika.ee\/et\/%d1%83%d1%81%d0%bb%d0%be%d0%b2%d0%b8%d1%8f-%d0%b8-%d0%bf%d0%be%d1%80%d1%8f%d0%b4%d0%be%d0%ba-%d0%b7%d0%b0%d1%87%d0%b8%d1%81%d0%bb%d0%b5%d0%bd%d0%b8%d1%8f\/","title":{"rendered":"Vastuv\u00f5tmise, v\u00e4ljaarvamise ja l\u00f5petamise tingimused ja kord"},"content":{"rendered":"\n<p><a href=\"https:\/\/www.riigiteataja.ee\/akt\/13173789\">Narva Muusikakooli vastuv\u00f5tmise, v\u00e4ljaarvamise ja L\u00f5petamise tingimused ja kord<\/a><\/p>\n","protected":false},"excerpt":{"rendered":"<p>Narva Muusikakooli vastuv\u00f5tmise, v\u00e4ljaarvamise ja L\u00f5petamise tingimused ja kord<\/p>\n","protected":false},"author":1,"featured_media":0,"parent":0,"menu_order":0,"comment_status":"closed","ping_status":"closed","template":"","meta":{"footnotes":""},"class_list":["post-333","page","type-page","status-publish","hentry"],"translation":{"provider":"WPGlobus","version":"3.0.2","language":"et","enabled_languages":["ru","et"],"languages":{"ru":{"title":true,"content":true,"excerpt":false},"et":{"title":true,"content":true,"excerpt":false}}},"_links":{"self":[{"href":"https:\/\/www.narvamuusika.ee\/et\/wp-json\/wp\/v2\/pages\/333","targetHints":{"allow":["GET"]}}],"collection":[{"href":"https:\/\/www.narvamuusika.ee\/et\/wp-json\/wp\/v2\/pages"}],"about":[{"href":"https:\/\/www.narvamuusika.ee\/et\/wp-json\/wp\/v2\/types\/page"}],"author":[{"embeddable":true,"href":"https:\/\/www.narvamuusika.ee\/et\/wp-json\/wp\/v2\/users\/1"}],"replies":[{"embeddable":true,"href":"https:\/\/www.narvamuusika.ee\/et\/wp-json\/wp\/v2\/comments?post=333"}],"version-history":[{"count":10,"href":"https:\/\/www.narvamuusika.ee\/et\/wp-json\/wp\/v2\/pages\/333\/revisions"}],"predecessor-version":[{"id":2263,"href":"https:\/\/www.narvamuusika.ee\/et\/wp-json\/wp\/v2\/pages\/333\/revisions\/2263"}],"wp:attachment":[{"href":"https:\/\/www.narvamuusika.ee\/et\/wp-json\/wp\/v2\/media?parent=333"}],"curies":[{"name":"wp","href":"https:\/\/api.w.org\/{rel}","templated":true}]}}