{"id":84,"date":"2017-01-23T21:17:15","date_gmt":"2017-01-23T18:17:15","guid":{"rendered":"http:\/\/www.narvamuusika.ee\/?page_id=84"},"modified":"2025-05-01T11:58:49","modified_gmt":"2025-05-01T08:58:49","slug":"%d0%b4%d0%be%d0%ba%d1%83%d0%bc%d0%b5%d0%bd%d1%82%d1%8b","status":"publish","type":"page","link":"https:\/\/www.narvamuusika.ee\/et\/%d0%b4%d0%be%d0%ba%d1%83%d0%bc%d0%b5%d0%bd%d1%82%d1%8b\/","title":{"rendered":"Dokumendid"},"content":{"rendered":"\r\n<ul>\r\n<li style=\"list-style-type: none;\">\r\n<ul>\r\n<li><a href=\"https:\/\/docs.google.com\/document\/d\/161kbH3ix_87D8BkPm_M3ld4eHARKgRY1\/edit?usp=sharing&amp;ouid=104569932492376756834&amp;rtpof=true&amp;sd=true\">Narva Muusikakooli hindamise kord<\/a>\r\n\r\n<\/li>\r\n<li class=\"has-text-color\" style=\"color: #008000;\"><a href=\"https:\/\/enda.ehis.ee\/avalik\/avalik\/oppekava\/OppekavaOtsi.faces;jsessionid=c0a8c8ca30d9a7281fa8e7a3483382d7e169aa586f9b.e3ySaN8Ob38Le3mSchaOa3uRa40\">Kooli \u00f5ppekavad<\/a>\r\n\r\n<\/li>\r\n<li class=\"has-text-color\" style=\"color: #008000;\"><a href=\"https:\/\/www.riigiteataja.ee\/akt\/403072018008?leiaKehtiv\">Narva Muusikakooli p\u00f5him\u00e4\u00e4rus<\/a>\r\n\r\n<\/li>\r\n<li class=\"has-text-color\" style=\"color: #008000;\"><a href=\"https:\/\/drive.google.com\/file\/d\/1q0_EWjewjje4d2Rhbu1g2cBhcZdpsA68\/view?usp=sharing\">Narva Muusikakooli t\u00f6\u00f6korraldus<\/a>\r\n\r\n<\/li>\r\n<li class=\"has-text-color\" style=\"color: #008000;\"><a href=\"https:\/\/drive.google.com\/file\/d\/1Or-9z9c8_9hFtLHn6jAZdKt9Fee0-Qts\/view?usp=sharing\">Narva Muusikakooli arengukava aastateks 2021-2026<\/a>\r\n\r\n<\/li>\r\n<li><a href=\"https:\/\/dhs.narva.ee\/?page=pub_startup&amp;desktop=57835&amp;tid=1&amp;u=20101006132412=20090115080707&amp;desktop=57835\">Narva linna dokumendiregistr<\/a><\/li>\r\n<\/ul>\r\n<\/li>\r\n<\/ul>\r\n","protected":false},"excerpt":{"rendered":"<p>Narva Muusikakooli hindamise kord Kooli \u00f5ppekavad Narva Muusikakooli p\u00f5him\u00e4\u00e4rus Narva Muusikakooli t\u00f6\u00f6korraldus Narva Muusikakooli arengukava aastateks 2021-2026 Narva linna dokumendiregistr<\/p>\n","protected":false},"author":1,"featured_media":0,"parent":0,"menu_order":0,"comment_status":"closed","ping_status":"closed","template":"","meta":{"footnotes":""},"class_list":["post-84","page","type-page","status-publish","hentry"],"translation":{"provider":"WPGlobus","version":"3.0.2","language":"et","enabled_languages":["ru","et"],"languages":{"ru":{"title":true,"content":true,"excerpt":false},"et":{"title":true,"content":true,"excerpt":false}}},"_links":{"self":[{"href":"https:\/\/www.narvamuusika.ee\/et\/wp-json\/wp\/v2\/pages\/84","targetHints":{"allow":["GET"]}}],"collection":[{"href":"https:\/\/www.narvamuusika.ee\/et\/wp-json\/wp\/v2\/pages"}],"about":[{"href":"https:\/\/www.narvamuusika.ee\/et\/wp-json\/wp\/v2\/types\/page"}],"author":[{"embeddable":true,"href":"https:\/\/www.narvamuusika.ee\/et\/wp-json\/wp\/v2\/users\/1"}],"replies":[{"embeddable":true,"href":"https:\/\/www.narvamuusika.ee\/et\/wp-json\/wp\/v2\/comments?post=84"}],"version-history":[{"count":100,"href":"https:\/\/www.narvamuusika.ee\/et\/wp-json\/wp\/v2\/pages\/84\/revisions"}],"predecessor-version":[{"id":5923,"href":"https:\/\/www.narvamuusika.ee\/et\/wp-json\/wp\/v2\/pages\/84\/revisions\/5923"}],"wp:attachment":[{"href":"https:\/\/www.narvamuusika.ee\/et\/wp-json\/wp\/v2\/media?parent=84"}],"curies":[{"name":"wp","href":"https:\/\/api.w.org\/{rel}","templated":true}]}}