{"id":88,"date":"2017-01-23T21:18:45","date_gmt":"2017-01-23T18:18:45","guid":{"rendered":"http:\/\/www.narvamuusika.ee\/?page_id=88"},"modified":"2026-04-29T09:11:09","modified_gmt":"2026-04-29T06:11:09","slug":"%d0%b0%d0%b4%d0%bc%d0%b8%d0%bd%d0%b8%d1%81%d1%82%d1%80%d0%b0%d1%86%d0%b8%d1%8f","status":"publish","type":"page","link":"https:\/\/www.narvamuusika.ee\/et\/%d0%b0%d0%b4%d0%bc%d0%b8%d0%bd%d0%b8%d1%81%d1%82%d1%80%d0%b0%d1%86%d0%b8%d1%8f\/","title":{"rendered":"Juhtkond"},"content":{"rendered":"\r\n<figure class=\"wp-block-table\">\r\n<table>\r\n<tbody>\r\n<tr>\r\n<td>Tatjana Gont\u0161arova<\/td>\r\n<td>Direktor<\/td>\r\n<td class=\"has-text-align-left\" data-align=\"left\">tel: +372 5185238<br \/><a href=\"mailto:tatjana.goncharova@narva.ee\">tatjana.goncharova@narva.ee<\/a><\/td>\r\n<\/tr>\r\n<tr>\r\n<td>Marina Kossolapova<\/td>\r\n<td>direktori aset\u00e4itja \u00f5ppealal<\/td>\r\n<td class=\"has-text-align-left\" data-align=\"left\">tel:\u00a0+372 57190195<br \/><a href=\"https:\/\/www.narvamuusika.ee\/%d0%ba%d0%be%d0%bd%d1%82%d0%b0%d0%ba%d1%82%d1%8b\/narvakoorikool@gmail.com\">narvakoorikool@gmail.com<\/a><\/td>\r\n<\/tr>\r\n<\/tbody>\r\n<\/table>\r\n<figcaption class=\"wp-element-caption\">Spetsialistid<\/figcaption>\r\n<\/figure>\r\n\r\n\r\n\r\n<figure class=\"wp-block-table\">\r\n<table>\r\n<tbody>\r\n<tr>\r\n<td>Zaugarova Olga<\/td>\r\n<td>direktori aset\u00e4itja majandusalal<\/td>\r\n<td>Karja, 3<\/td>\r\n<\/tr>\r\n<tr>\r\n<td>Krasavina Marina<\/td>\r\n<td>direktori aset\u00e4itja<\/td>\r\n<td>Karja, 3<\/td>\r\n<\/tr>\r\n<tr>\r\n<td>Blagodatski Oksana<\/td>\r\n<td>spetsialist administratiiv- ja majandusalal<\/td>\r\n<td>Juuli, 9<\/td>\r\n<\/tr>\r\n<tr>\r\n<td>Gussev Dmitri<\/td>\r\n<td>IT-spetsialist<\/td>\r\n<td>Juuli, 9<\/td>\r\n<\/tr>\r\n<tr>\r\n<td>Linnik Juri<\/td>\r\n<td>h\u00e4\u00e4lestaja<\/td>\r\n<td>Karja, 3<\/td>\r\n<\/tr>\r\n<tr>\r\n<td>Anastassija Moldin<\/td>\r\n<td>Andmekaitse spetsialist<\/td>\r\n<td>andmekaitse@narva.ee<\/td>\r\n<\/tr>\r\n<\/tbody>\r\n<\/table>\r\n<\/figure>\r\n","protected":false},"excerpt":{"rendered":"<p>Tatjana Gont\u0161arova Direktor tel: +372 5185238tatjana.goncharova@narva.ee Marina Kossolapova direktori aset\u00e4itja \u00f5ppealal tel:\u00a0+372 57190195narvakoorikool@gmail.com Spetsialistid Zaugarova Olga direktori aset\u00e4itja majandusalal Karja, 3 Krasavina Marina direktori aset\u00e4itja Karja, 3 Blagodatski Oksana spetsialist administratiiv- ja majandusalal Juuli, 9 Gussev Dmitri IT-spetsialist Juuli, 9 Linnik Juri h\u00e4\u00e4lestaja Karja, 3 Anastassija Moldin Andmekaitse spetsialist andmekaitse@narva.ee<\/p>\n","protected":false},"author":1,"featured_media":0,"parent":0,"menu_order":0,"comment_status":"closed","ping_status":"closed","template":"","meta":{"footnotes":""},"class_list":["post-88","page","type-page","status-publish","hentry"],"translation":{"provider":"WPGlobus","version":"3.0.2","language":"et","enabled_languages":["ru","et"],"languages":{"ru":{"title":true,"content":true,"excerpt":false},"et":{"title":true,"content":true,"excerpt":false}}},"_links":{"self":[{"href":"https:\/\/www.narvamuusika.ee\/et\/wp-json\/wp\/v2\/pages\/88","targetHints":{"allow":["GET"]}}],"collection":[{"href":"https:\/\/www.narvamuusika.ee\/et\/wp-json\/wp\/v2\/pages"}],"about":[{"href":"https:\/\/www.narvamuusika.ee\/et\/wp-json\/wp\/v2\/types\/page"}],"author":[{"embeddable":true,"href":"https:\/\/www.narvamuusika.ee\/et\/wp-json\/wp\/v2\/users\/1"}],"replies":[{"embeddable":true,"href":"https:\/\/www.narvamuusika.ee\/et\/wp-json\/wp\/v2\/comments?post=88"}],"version-history":[{"count":65,"href":"https:\/\/www.narvamuusika.ee\/et\/wp-json\/wp\/v2\/pages\/88\/revisions"}],"predecessor-version":[{"id":6747,"href":"https:\/\/www.narvamuusika.ee\/et\/wp-json\/wp\/v2\/pages\/88\/revisions\/6747"}],"wp:attachment":[{"href":"https:\/\/www.narvamuusika.ee\/et\/wp-json\/wp\/v2\/media?parent=88"}],"curies":[{"name":"wp","href":"https:\/\/api.w.org\/{rel}","templated":true}]}}