{"id":90,"date":"2017-01-23T21:18:58","date_gmt":"2017-01-23T18:18:58","guid":{"rendered":"http:\/\/www.narvamuusika.ee\/?page_id=90"},"modified":"2026-04-29T09:20:17","modified_gmt":"2026-04-29T06:20:17","slug":"%d0%bf%d0%b5%d0%b4%d0%b0%d0%b3%d0%be%d0%b3%d0%b8","status":"publish","type":"page","link":"https:\/\/www.narvamuusika.ee\/et\/%d0%bf%d0%b5%d0%b4%d0%b0%d0%b3%d0%be%d0%b3%d0%b8\/","title":{"rendered":"T\u00f6\u00f6tajate nimekiri"},"content":{"rendered":"<p><span style=\"color: #000000;\"><strong>Klaveriosakond<\/strong><\/span><\/p>\r\n<table style=\"height: 1384px;\" width=\"594\">\r\n<tbody>\r\n<tr>\r\n<td width=\"156\">Gont\u0161arova Tatjana<\/td>\r\n<td width=\"190\">\u00a0<\/td>\r\n<td width=\"156\">Karja 3<\/td>\r\n<\/tr>\r\n<tr>\r\n<td width=\"156\">Vorobjova Irina<\/td>\r\n<td width=\"190\">\u00a0<\/td>\r\n<td width=\"156\">Karja 3<\/td>\r\n<\/tr>\r\n<tr>\r\n<td width=\"156\">Gedvil Olga<\/td>\r\n<td width=\"190\">\u00a0<\/td>\r\n<td width=\"156\">Karja 3<\/td>\r\n<\/tr>\r\n<tr>\r\n<td width=\"156\">Dotsenko Galina<\/td>\r\n<td width=\"190\">\u00a0<\/td>\r\n<td width=\"156\">Karja 3<\/td>\r\n<\/tr>\r\n<tr>\r\n<td width=\"156\">Ivashchenko Irina<\/td>\r\n<td width=\"190\">\u00a0<\/td>\r\n<td width=\"156\">Karja 3<\/td>\r\n<\/tr>\r\n<tr>\r\n<td width=\"156\">Let\u0161itskaja Natalja<\/td>\r\n<td width=\"190\">\u00a0<\/td>\r\n<td width=\"156\">Karja 3<\/td>\r\n<\/tr>\r\n<tr>\r\n<td width=\"156\">Nikitina Jelena<\/td>\r\n<td width=\"190\">\u00a0<\/td>\r\n<td width=\"156\">Karja 3<\/td>\r\n<\/tr>\r\n<tr>\r\n<td width=\"156\">Sazonova Tatjana<\/td>\r\n<td width=\"190\">\u00a0<\/td>\r\n<td width=\"156\">Karja 3<\/td>\r\n<\/tr>\r\n<tr>\r\n<td width=\"156\">Sergejeva Olga<\/td>\r\n<td width=\"190\">\u00a0<\/td>\r\n<td width=\"156\">Karja 3<\/td>\r\n<\/tr>\r\n<tr>\r\n<td width=\"156\">Sokolova Tatjana<\/td>\r\n<td width=\"190\">\u00a0<\/td>\r\n<td width=\"156\">Karja 3<\/td>\r\n<\/tr>\r\n<tr>\r\n<td width=\"156\">Homjakova Ljudmila<\/td>\r\n<td width=\"190\">\u00a0<\/td>\r\n<td width=\"156\">Karja 3<\/td>\r\n<\/tr>\r\n<tr>\r\n<td width=\"156\">T\u0161ernikova Jevgenia<\/td>\r\n<td width=\"190\">\u00a0<\/td>\r\n<td width=\"156\">Karja 3<\/td>\r\n<\/tr>\r\n<tr>\r\n<td width=\"156\">\u0160monina Tatjana<\/td>\r\n<td width=\"190\">\u00a0<\/td>\r\n<td width=\"156\">Karja 3<\/td>\r\n<\/tr>\r\n<tr>\r\n<td width=\"156\">Vohta Riina<\/td>\r\n<td width=\"190\">\u00a0<\/td>\r\n<td width=\"156\">Juuli 9<\/td>\r\n<\/tr>\r\n<tr>\r\n<td width=\"156\">Yakovleva Yulia<\/td>\r\n<td width=\"190\">\u00a0<\/td>\r\n<td width=\"156\">Juuli 9<\/td>\r\n<\/tr>\r\n<tr>\r\n<td width=\"156\">Alijeva Veera<\/td>\r\n<td width=\"190\">\u00a0<\/td>\r\n<td width=\"156\">Karja 3,\u00a0 Juuli 9<\/td>\r\n<\/tr>\r\n<tr>\r\n<td width=\"156\">Bezzaborkina Ljudmila<\/td>\r\n<td width=\"190\">\u00a0<\/td>\r\n<td width=\"156\">Juuli 9<\/td>\r\n<\/tr>\r\n<tr>\r\n<td width=\"156\">Gruljova Jelena<\/td>\r\n<td width=\"190\">\u00a0<\/td>\r\n<td width=\"156\">Juuli 9<\/td>\r\n<\/tr>\r\n<tr>\r\n<td width=\"156\">Makhrova Nataliya<\/td>\r\n<td width=\"190\">\u00a0<\/td>\r\n<td width=\"156\">Juuli 9<\/td>\r\n<\/tr>\r\n<tr>\r\n<td width=\"156\">M\u00fcrsep Marina<\/td>\r\n<td width=\"190\">\u00a0<\/td>\r\n<td width=\"156\">Juuli 9<\/td>\r\n<\/tr>\r\n<tr>\r\n<td width=\"156\">Toporishcheva Tatyana<\/td>\r\n<td width=\"190\">\u00a0<\/td>\r\n<td width=\"156\">Juuli 9<\/td>\r\n<\/tr>\r\n<tr>\r\n<td width=\"156\">Trofimova Irina<\/td>\r\n<td width=\"190\">\u00a0<\/td>\r\n<td width=\"156\">Juuli 9<\/td>\r\n<\/tr>\r\n<tr>\r\n<td width=\"156\">Vedina Tatjana<\/td>\r\n<td width=\"190\">\u00a0<\/td>\r\n<td width=\"156\">Juuli 9<\/td>\r\n<\/tr>\r\n<tr>\r\n<td width=\"156\">\u00a0<\/td>\r\n<td width=\"190\">\u00a0<\/td>\r\n<td width=\"156\">\u00a0<\/td>\r\n<\/tr>\r\n<\/tbody>\r\n<\/table>\r\n<p><strong><span style=\"color: #000000;\">Keelpillide osakond<\/span><\/strong><\/p>\r\n<table width=\"502\">\r\n<tbody>\r\n<tr>\r\n<td width=\"156\">Kossova Irina<\/td>\r\n<td width=\"190\">viiul<\/td>\r\n<td width=\"156\">Karja 3<\/td>\r\n<\/tr>\r\n<tr>\r\n<td width=\"156\">Laknovskaja Jelena<\/td>\r\n<td width=\"190\">kitarr<\/td>\r\n<td width=\"156\">Karja 3<\/td>\r\n<\/tr>\r\n<tr>\r\n<td width=\"156\">Sergejev Juri<\/td>\r\n<td width=\"190\">kitarr<\/td>\r\n<td width=\"156\">Karja 3<\/td>\r\n<\/tr>\r\n<tr>\r\n<td width=\"156\">Nekrylova Valentina<\/td>\r\n<td width=\"190\">viola<\/td>\r\n<td width=\"156\">\u00a0Karja 3<\/td>\r\n<\/tr>\r\n<tr>\r\n<td width=\"156\">Voronova Svetlana<\/td>\r\n<td width=\"190\">viiul<\/td>\r\n<td width=\"156\">Karja 3<\/td>\r\n<\/tr>\r\n<tr>\r\n<td width=\"156\">Galimova Izida<\/td>\r\n<td width=\"190\">kitarr<\/td>\r\n<td width=\"156\">Karja 3<\/td>\r\n<\/tr>\r\n<tr>\r\n<td width=\"156\">Masjukova Natalia<\/td>\r\n<td width=\"190\">kitarr<\/td>\r\n<td width=\"156\">Juuli 9<\/td>\r\n<\/tr>\r\n<tr>\r\n<td width=\"156\">Smirnova Iulia<\/td>\r\n<td width=\"190\">\u00a0t\u0161ello, kitarr<\/td>\r\n<td width=\"156\">\u00a0Karja 3<\/td>\r\n<\/tr>\r\n<tr>\r\n<td width=\"156\">\u00a0<\/td>\r\n<td width=\"190\">\u00a0<\/td>\r\n<td width=\"156\">\u00a0<\/td>\r\n<\/tr>\r\n<tr>\r\n<td width=\"156\">\u00a0<\/td>\r\n<td width=\"190\">\u00a0<\/td>\r\n<td width=\"156\">\u00a0<\/td>\r\n<\/tr>\r\n<\/tbody>\r\n<\/table>\r\n<p><span style=\"color: #000000;\"><strong>Rahvapillide osakond<\/strong><\/span><\/p>\r\n<table width=\"502\">\r\n<tbody>\r\n<tr>\r\n<td width=\"156\">T\u0161umakova Ljudmila<\/td>\r\n<td width=\"190\">akordion\u00a0<\/td>\r\n<td width=\"156\">Karja 3<\/td>\r\n<\/tr>\r\n<tr>\r\n<td width=\"156\">Juzvik Ljudmila<\/td>\r\n<td width=\"190\">akordion\u00a0<\/td>\r\n<td width=\"156\">Karja 3<\/td>\r\n<\/tr>\r\n<tr>\r\n<td width=\"156\">Me\u0161t\u0161erjakova Irina<\/td>\r\n<td width=\"190\">akordion\u00a0<\/td>\r\n<td width=\"156\">Karja 3<\/td>\r\n<\/tr>\r\n<tr>\r\n<td width=\"156\">Voronova Galina<\/td>\r\n<td width=\"190\">akordion, Orf-tunnid<\/td>\r\n<td width=\"156\">\u00a0Juuli 9<\/td>\r\n<\/tr>\r\n<tr>\r\n<td width=\"156\">Tarassov Viktor<\/td>\r\n<td width=\"190\">akordion\u00a0<\/td>\r\n<td width=\"156\">Juuli 9<\/td>\r\n<\/tr>\r\n<tr>\r\n<td width=\"156\">\u00a0<\/td>\r\n<td width=\"190\">\u00a0<\/td>\r\n<td width=\"156\">\u00a0<\/td>\r\n<\/tr>\r\n<\/tbody>\r\n<\/table>\r\n<p><span style=\"color: #000000;\"><strong>Puhk- ja l\u00f6\u00f6kpillide osakond<\/strong><\/span><\/p>\r\n<table style=\"height: 291px;\" width=\"502\">\r\n<tbody>\r\n<tr>\r\n<td width=\"156\">Tselepis Vladislav<\/td>\r\n<td width=\"190\">plokkfl\u00f6\u00f6t, fl\u00f6\u00f6t, l\u00f6\u00f6kpillid<\/td>\r\n<td width=\"156\">Karja 3\u00a0<\/td>\r\n<\/tr>\r\n<tr>\r\n<td width=\"156\">Matvejeva Larissa<\/td>\r\n<td width=\"190\">plokkfl\u00f6\u00f6t, fl\u00f6\u00f6t<\/td>\r\n<td width=\"156\">Karja 3<\/td>\r\n<\/tr>\r\n<tr>\r\n<td width=\"156\">Par\u0161in Boriss<\/td>\r\n<td width=\"190\">saksofoon<\/td>\r\n<td width=\"156\">Karja 3<\/td>\r\n<\/tr>\r\n<tr>\r\n<td width=\"156\">Kovaljov Mihhail<\/td>\r\n<td width=\"190\">l\u00f6\u00f6kpillid<\/td>\r\n<td width=\"156\">Karja 3<\/td>\r\n<\/tr>\r\n<tr>\r\n<td width=\"156\">Ten Igor<\/td>\r\n<td width=\"190\">trompet<\/td>\r\n<td width=\"156\">Karja 3\u00a0<\/td>\r\n<\/tr>\r\n<tr>\r\n<td width=\"156\">Bu\u017eina Aksana<\/td>\r\n<td width=\"190\">plokkfl\u00f6\u00f6t, fl\u00f6\u00f6t<\/td>\r\n<td width=\"156\">Juuli 9<\/td>\r\n<\/tr>\r\n<tr>\r\n<td width=\"156\">\u0160van Lada<\/td>\r\n<td width=\"190\">plokkfl\u00f6\u00f6t, fl\u00f6\u00f6t<\/td>\r\n<td width=\"156\">Juuli 9<\/td>\r\n<\/tr>\r\n<tr>\r\n<td width=\"156\">Pol\u00f5nina Ljudmina<\/td>\r\n<td width=\"190\">kontsertmeister<\/td>\r\n<td width=\"156\">Karja 3\u00a0<\/td>\r\n<\/tr>\r\n<tr>\r\n<td width=\"156\">\r\n<p>Petri\u0161t\u0161eva Jelena<\/p>\r\n<p>R\u00e4istep Urmas<\/p>\r\n<\/td>\r\n<td width=\"190\">\r\n<p>kontsertmeister<\/p>\r\n<p>\u00a0saksofoon<\/p>\r\n<\/td>\r\n<td width=\"156\">\r\n<p>Karja 3\u00a0<\/p>\r\n<p>Karja 3\u00a0<\/p>\r\n<\/td>\r\n<\/tr>\r\n<\/tbody>\r\n<\/table>\r\n<p><span style=\"color: #000000;\"><strong>Koori- ja vokaaliosakond<\/strong><\/span><\/p>\r\n<table width=\"502\">\r\n<tbody>\r\n<tr>\r\n<td width=\"156\">Voitenko Svetlana<\/td>\r\n<td width=\"190\">akadeemiline sololaulmine<\/td>\r\n<td width=\"156\">Juuli 9<\/td>\r\n<\/tr>\r\n<tr>\r\n<td width=\"156\">Vulla Marika\u00a0<\/td>\r\n<td width=\"190\">kontsertmeister<\/td>\r\n<td width=\"156\">Juuli 9<\/td>\r\n<\/tr>\r\n<tr>\r\n<td width=\"156\">Gorju\u0161ina Svetlana<\/td>\r\n<td width=\"190\">koorilaulmine, solfed\u017eo<\/td>\r\n<td width=\"156\">Juuli 9<\/td>\r\n<\/tr>\r\n<tr>\r\n<td width=\"156\">Zubov Pavel<\/td>\r\n<td width=\"190\">kontsertmeister<\/td>\r\n<td width=\"156\">Juuli 9<\/td>\r\n<\/tr>\r\n<tr>\r\n<td width=\"156\">Kosolapova Marina<\/td>\r\n<td width=\"190\">koorilaulmine<\/td>\r\n<td width=\"156\">Juuli 9<\/td>\r\n<\/tr>\r\n<tr>\r\n<td width=\"156\">Kuznetsova Nadezhda<\/td>\r\n<td width=\"190\">kontsertmeister<\/td>\r\n<td width=\"156\">Juuli 9<\/td>\r\n<\/tr>\r\n<tr>\r\n<td width=\"156\">Jakubova Alla<\/td>\r\n<td width=\"190\">pop-jazzlaulmine<\/td>\r\n<td width=\"156\">Juuli 9<\/td>\r\n<\/tr>\r\n<tr>\r\n<td width=\"156\">Petri\u0161t\u0161eva Jelena<\/td>\r\n<td width=\"190\">kontsertmeister<\/td>\r\n<td width=\"156\">Juuli 9<\/td>\r\n<\/tr>\r\n<tr>\r\n<td width=\"156\">Fefilova Inna<\/td>\r\n<td width=\"190\">koorilaulmine<\/td>\r\n<td width=\"156\">Juuli 9<\/td>\r\n<\/tr>\r\n<tr>\r\n<td width=\"156\">\r\n<p>Juzvik Jelena<\/p>\r\n<p>&nbsp;<\/p>\r\n<\/td>\r\n<td width=\"190\">\r\n<p>pop-jazzlaulmine<\/p>\r\n<p>&nbsp;<\/p>\r\n<\/td>\r\n<td width=\"156\">\r\n<p>Juuli 9<\/p>\r\n<p>&nbsp;<\/p>\r\n<\/td>\r\n<\/tr>\r\n<\/tbody>\r\n<\/table>\r\n<p><span style=\"color: #000000;\"><strong>Teoreeteline osakond<\/strong><\/span><\/p>\r\n<table width=\"502\">\r\n<tbody>\r\n<tr>\r\n<td width=\"156\">Jurkevit\u0161 Jelena<\/td>\r\n<td width=\"190\">solfed\u017eo<\/td>\r\n<td width=\"156\">Karja 3<\/td>\r\n<\/tr>\r\n<tr>\r\n<td width=\"156\">Medkova Jelena<\/td>\r\n<td width=\"190\">solfed\u017eo, muusikaajalugu<\/td>\r\n<td width=\"156\">Karja 3<\/td>\r\n<\/tr>\r\n<tr>\r\n<td width=\"156\">Rodionova Natalja<\/td>\r\n<td width=\"190\">muusikaajalugu<\/td>\r\n<td width=\"156\">Karja 3<\/td>\r\n<\/tr>\r\n<tr>\r\n<td width=\"156\">Rait Galina<\/td>\r\n<td width=\"190\">solfed\u017eo<\/td>\r\n<td width=\"156\">Karja 3\u00a0<\/td>\r\n<\/tr>\r\n<tr>\r\n<td width=\"156\">Titova Valentina<\/td>\r\n<td width=\"190\">solfed\u017eo<\/td>\r\n<td width=\"156\">\u00a0Juuli 9<\/td>\r\n<\/tr>\r\n<tr>\r\n<td width=\"156\">Fefilova Inna<\/td>\r\n<td width=\"190\">koorilaulmine<\/td>\r\n<td width=\"156\">Juuli 9<\/td>\r\n<\/tr>\r\n<tr>\r\n<td width=\"156\">Perminova Olena<\/td>\r\n<td width=\"190\">solfed\u017eo, muusikaajalugu<\/td>\r\n<td width=\"156\">Juuli 9<\/td>\r\n<\/tr>\r\n<tr>\r\n<td width=\"156\">\u00a0<\/td>\r\n<td width=\"190\">\u00a0<\/td>\r\n<td width=\"156\">\u00a0<\/td>\r\n<\/tr>\r\n<\/tbody>\r\n<\/table>\r\n<p>&nbsp;<\/p>\r\n<h4>\u00a0<\/h4>\r\n<p><\/p>\r\n<div class=\"wp-block-columns has-2-columns is-layout-flex wp-container-core-columns-is-layout-9d6595d7 wp-block-columns-is-layout-flex\">\r\n<div class=\"wp-block-column is-layout-flow wp-block-column-is-layout-flow\">\r\n<p><\/p>\r\n<\/div>\r\n<p><\/p>\r\n<p><\/p>\r\n<div class=\"wp-block-column is-layout-flow wp-block-column-is-layout-flow\">\r\n<p><\/p>\r\n<\/div>\r\n<p><\/p>\r\n<\/div>\r\n<p><\/p>\r\n<p><\/p>\r\n<p><\/p>","protected":false},"excerpt":{"rendered":"<p>Klaveriosakond Gont\u0161arova Tatjana \u00a0 Karja 3 Vorobjova Irina \u00a0 Karja 3 Gedvil Olga \u00a0 Karja 3 Dotsenko Galina \u00a0 Karja 3 Ivashchenko Irina \u00a0 Karja 3 Let\u0161itskaja Natalja \u00a0 Karja 3 Nikitina Jelena \u00a0 Karja 3 Sazonova Tatjana \u00a0 Karja 3 Sergejeva Olga \u00a0 Karja 3 Sokolova Tatjana \u00a0 Karja 3 Homjakova Ljudmila \u00a0 Karja &hellip; <\/p>\n<p class=\"link-more\"><a href=\"https:\/\/www.narvamuusika.ee\/et\/%d0%bf%d0%b5%d0%b4%d0%b0%d0%b3%d0%be%d0%b3%d0%b8\/\" class=\"more-link\">Continue reading<span class=\"screen-reader-text\"> &#8220;T\u00f6\u00f6tajate nimekiri&#8221;<\/span><\/a><\/p>\n","protected":false},"author":1,"featured_media":0,"parent":0,"menu_order":0,"comment_status":"closed","ping_status":"closed","template":"","meta":{"footnotes":""},"class_list":["post-90","page","type-page","status-publish","hentry"],"translation":{"provider":"WPGlobus","version":"3.0.2","language":"et","enabled_languages":["ru","et"],"languages":{"ru":{"title":true,"content":true,"excerpt":false},"et":{"title":true,"content":true,"excerpt":false}}},"_links":{"self":[{"href":"https:\/\/www.narvamuusika.ee\/et\/wp-json\/wp\/v2\/pages\/90","targetHints":{"allow":["GET"]}}],"collection":[{"href":"https:\/\/www.narvamuusika.ee\/et\/wp-json\/wp\/v2\/pages"}],"about":[{"href":"https:\/\/www.narvamuusika.ee\/et\/wp-json\/wp\/v2\/types\/page"}],"author":[{"embeddable":true,"href":"https:\/\/www.narvamuusika.ee\/et\/wp-json\/wp\/v2\/users\/1"}],"replies":[{"embeddable":true,"href":"https:\/\/www.narvamuusika.ee\/et\/wp-json\/wp\/v2\/comments?post=90"}],"version-history":[{"count":130,"href":"https:\/\/www.narvamuusika.ee\/et\/wp-json\/wp\/v2\/pages\/90\/revisions"}],"predecessor-version":[{"id":6753,"href":"https:\/\/www.narvamuusika.ee\/et\/wp-json\/wp\/v2\/pages\/90\/revisions\/6753"}],"wp:attachment":[{"href":"https:\/\/www.narvamuusika.ee\/et\/wp-json\/wp\/v2\/media?parent=90"}],"curies":[{"name":"wp","href":"https:\/\/api.w.org\/{rel}","templated":true}]}}