{"id":92,"date":"2017-01-23T21:19:19","date_gmt":"2017-01-23T18:19:19","guid":{"rendered":"http:\/\/www.narvamuusika.ee\/?page_id=92"},"modified":"2025-08-15T10:47:13","modified_gmt":"2025-08-15T07:47:13","slug":"%d0%be%d0%b1%d1%81%d0%bb%d1%83%d0%b6%d0%b8%d0%b2%d0%b0%d1%8e%d1%89%d0%b8%d0%b9-%d0%bf%d0%b5%d1%80%d1%81%d0%be%d0%bd%d0%b0%d0%bb","status":"publish","type":"page","link":"https:\/\/www.narvamuusika.ee\/et\/%d0%be%d0%b1%d1%81%d0%bb%d1%83%d0%b6%d0%b8%d0%b2%d0%b0%d1%8e%d1%89%d0%b8%d0%b9-%d0%bf%d0%b5%d1%80%d1%81%d0%be%d0%bd%d0%b0%d0%bb\/","title":{"rendered":"Teenindav personal"},"content":{"rendered":"<table dir=\"ltr\" border=\"0\" cellspacing=\"2\" cellpadding=\"2\" data-sheets-root=\"1\" data-sheets-baot=\"1\">\n<colgroup>\n<col width=\"170\" \/>\n<col width=\"140\" \/>\n<col width=\"100\" \/><\/colgroup>\n<tbody>\n<tr>\n<td>Maxim \u0421hurubrov<\/td>\n<td>remondit\u00f6\u00f6line<\/td>\n<td>Juuli, 9<\/td>\n<\/tr>\n<tr>\n<td>Andronnikov Alexander<\/td>\n<td>remondit\u00f6\u00f6line<\/td>\n<td>Karja, 3<\/td>\n<\/tr>\n<tr>\n<td>Piskunova Elena<\/td>\n<td>koristaja<\/td>\n<td>Karja, 3<\/td>\n<\/tr>\n<tr>\n<td>Trofimova Niina<\/td>\n<td>korrapidaja<\/td>\n<td>Juuli, 9<\/td>\n<\/tr>\n<tr>\n<td>Platonova Irina<\/td>\n<td>koristaja<\/td>\n<td>Karja, 3<\/td>\n<\/tr>\n<tr>\n<td>Rootslane Olga<\/td>\n<td>riidehoidja<\/td>\n<td>Juuli. 9<\/td>\n<\/tr>\n<tr>\n<td>Aleksejeva Svetlana<\/td>\n<td>korrapidaja<\/td>\n<td>Juuli. 9<\/td>\n<\/tr>\n<tr>\n<td>Golubeva Liudmila<\/td>\n<td>koristaja<\/td>\n<td>Juuli, 9<\/td>\n<\/tr>\n<tr>\n<td>Kireeva Elena<\/td>\n<td>korrapidaja<\/td>\n<td>Karja, 3<\/td>\n<\/tr>\n<tr>\n<td>Kondratieva Tatiana<\/td>\n<td>koristaja<\/td>\n<td>Juuli, 9<\/td>\n<\/tr>\n<tr>\n<td>Nikitina Svetlana<\/td>\n<td>koristaja<\/td>\n<td>Juuli, 9<\/td>\n<\/tr>\n<\/tbody>\n<\/table>\n<p>&nbsp;<\/p>\n","protected":false},"excerpt":{"rendered":"<p>Maxim \u0421hurubrov remondit\u00f6\u00f6line Juuli, 9 Andronnikov Alexander remondit\u00f6\u00f6line Karja, 3 Piskunova Elena koristaja Karja, 3 Trofimova Niina korrapidaja Juuli, 9 Platonova Irina koristaja Karja, 3 Rootslane Olga riidehoidja Juuli. 9 Aleksejeva Svetlana korrapidaja Juuli. 9 Golubeva Liudmila koristaja Juuli, 9 Kireeva Elena korrapidaja Karja, 3 Kondratieva Tatiana koristaja Juuli, 9 Nikitina Svetlana koristaja Juuli, 9 &hellip; <\/p>\n<p class=\"link-more\"><a href=\"https:\/\/www.narvamuusika.ee\/et\/%d0%be%d0%b1%d1%81%d0%bb%d1%83%d0%b6%d0%b8%d0%b2%d0%b0%d1%8e%d1%89%d0%b8%d0%b9-%d0%bf%d0%b5%d1%80%d1%81%d0%be%d0%bd%d0%b0%d0%bb\/\" class=\"more-link\">Continue reading<span class=\"screen-reader-text\"> &#8220;Teenindav personal&#8221;<\/span><\/a><\/p>\n","protected":false},"author":1,"featured_media":0,"parent":0,"menu_order":0,"comment_status":"closed","ping_status":"closed","template":"","meta":{"footnotes":""},"class_list":["post-92","page","type-page","status-publish","hentry"],"translation":{"provider":"WPGlobus","version":"3.0.2","language":"et","enabled_languages":["ru","et"],"languages":{"ru":{"title":true,"content":true,"excerpt":false},"et":{"title":true,"content":true,"excerpt":false}}},"_links":{"self":[{"href":"https:\/\/www.narvamuusika.ee\/et\/wp-json\/wp\/v2\/pages\/92","targetHints":{"allow":["GET"]}}],"collection":[{"href":"https:\/\/www.narvamuusika.ee\/et\/wp-json\/wp\/v2\/pages"}],"about":[{"href":"https:\/\/www.narvamuusika.ee\/et\/wp-json\/wp\/v2\/types\/page"}],"author":[{"embeddable":true,"href":"https:\/\/www.narvamuusika.ee\/et\/wp-json\/wp\/v2\/users\/1"}],"replies":[{"embeddable":true,"href":"https:\/\/www.narvamuusika.ee\/et\/wp-json\/wp\/v2\/comments?post=92"}],"version-history":[{"count":62,"href":"https:\/\/www.narvamuusika.ee\/et\/wp-json\/wp\/v2\/pages\/92\/revisions"}],"predecessor-version":[{"id":6172,"href":"https:\/\/www.narvamuusika.ee\/et\/wp-json\/wp\/v2\/pages\/92\/revisions\/6172"}],"wp:attachment":[{"href":"https:\/\/www.narvamuusika.ee\/et\/wp-json\/wp\/v2\/media?parent=92"}],"curies":[{"name":"wp","href":"https:\/\/api.w.org\/{rel}","templated":true}]}}